{"id":208,"date":"2020-05-24T16:42:17","date_gmt":"2020-05-24T20:42:17","guid":{"rendered":"https:\/\/giabaold.molecularcodedev.com\/fr\/panier\/"},"modified":"2020-09-15T23:11:41","modified_gmt":"2020-09-16T03:11:41","slug":"panier","status":"publish","type":"page","link":"https:\/\/giabaold.molecularcodedev.com\/fr\/panier\/","title":{"rendered":"Panier \/ Cart"},"content":{"rendered":"\n","protected":false},"excerpt":{"rendered":"","protected":false},"author":1,"featured_media":0,"parent":0,"menu_order":0,"comment_status":"closed","ping_status":"closed","template":"","meta":{"footnotes":""},"class_list":["post-208","page","type-page","status-publish","hentry"],"yoast_head":"<!-- This site is optimized with the Yoast SEO plugin v27.3 - https:\/\/yoast.com\/product\/yoast-seo-wordpress\/ -->\n<title>Panier \/ Cart - Restaurant Gia Ba<\/title>\n<meta name=\"robots\" content=\"index, follow, max-snippet:-1, max-image-preview:large, max-video-preview:-1\" \/>\n<link rel=\"canonical\" href=\"https:\/\/giabaold.molecularcodedev.com\/fr\/panier\/\" \/>\n<meta property=\"og:locale\" content=\"fr_CA\" \/>\n<meta property=\"og:type\" content=\"article\" \/>\n<meta property=\"og:title\" content=\"Panier \/ Cart - Restaurant Gia Ba\" \/>\n<meta property=\"og:url\" content=\"https:\/\/giabaold.molecularcodedev.com\/fr\/panier\/\" \/>\n<meta property=\"og:site_name\" content=\"Restaurant Gia Ba\" \/>\n<meta property=\"article:modified_time\" content=\"2020-09-16T03:11:41+00:00\" \/>\n<meta name=\"twitter:card\" content=\"summary_large_image\" \/>\n<script type=\"application\/ld+json\" class=\"yoast-schema-graph\">{\"@context\":\"https:\\\/\\\/schema.org\",\"@graph\":[{\"@type\":\"WebPage\",\"@id\":\"https:\\\/\\\/giabaold.molecularcodedev.com\\\/fr\\\/panier\\\/\",\"url\":\"https:\\\/\\\/giabaold.molecularcodedev.com\\\/fr\\\/panier\\\/\",\"name\":\"Panier \\\/ Cart - Restaurant Gia Ba\",\"isPartOf\":{\"@id\":\"https:\\\/\\\/giabaold.molecularcodedev.com\\\/fr\\\/#website\"},\"datePublished\":\"2020-05-24T20:42:17+00:00\",\"dateModified\":\"2020-09-16T03:11:41+00:00\",\"breadcrumb\":{\"@id\":\"https:\\\/\\\/giabaold.molecularcodedev.com\\\/fr\\\/panier\\\/#breadcrumb\"},\"inLanguage\":\"fr-CA\",\"potentialAction\":[{\"@type\":\"ReadAction\",\"target\":[\"https:\\\/\\\/giabaold.molecularcodedev.com\\\/fr\\\/panier\\\/\"]}]},{\"@type\":\"BreadcrumbList\",\"@id\":\"https:\\\/\\\/giabaold.molecularcodedev.com\\\/fr\\\/panier\\\/#breadcrumb\",\"itemListElement\":[{\"@type\":\"ListItem\",\"position\":1,\"name\":\"Accueil\",\"item\":\"https:\\\/\\\/giabaold.molecularcodedev.com\\\/fr\\\/\"},{\"@type\":\"ListItem\",\"position\":2,\"name\":\"Panier \\\/ Cart\"}]},{\"@type\":\"WebSite\",\"@id\":\"https:\\\/\\\/giabaold.molecularcodedev.com\\\/fr\\\/#website\",\"url\":\"https:\\\/\\\/giabaold.molecularcodedev.com\\\/fr\\\/\",\"name\":\"Restaurant Gia Ba\",\"description\":\"Le restaurant chinois sichuanais et ta\u00efwanais \u00e0 Montr\u00e9al\",\"publisher\":{\"@id\":\"https:\\\/\\\/giabaold.molecularcodedev.com\\\/fr\\\/#organization\"},\"potentialAction\":[{\"@type\":\"SearchAction\",\"target\":{\"@type\":\"EntryPoint\",\"urlTemplate\":\"https:\\\/\\\/giabaold.molecularcodedev.com\\\/fr\\\/?s={search_term_string}\"},\"query-input\":{\"@type\":\"PropertyValueSpecification\",\"valueRequired\":true,\"valueName\":\"search_term_string\"}}],\"inLanguage\":\"fr-CA\"},{\"@type\":\"Organization\",\"@id\":\"https:\\\/\\\/giabaold.molecularcodedev.com\\\/fr\\\/#organization\",\"name\":\"Restaurant Gia Ba\",\"url\":\"https:\\\/\\\/giabaold.molecularcodedev.com\\\/fr\\\/\",\"logo\":{\"@type\":\"ImageObject\",\"inLanguage\":\"fr-CA\",\"@id\":\"https:\\\/\\\/giabaold.molecularcodedev.com\\\/fr\\\/#\\\/schema\\\/logo\\\/image\\\/\",\"url\":\"https:\\\/\\\/i0.wp.com\\\/giabaold.molecularcodedev.com\\\/fr\\\/files\\\/2016\\\/03\\\/giaba-logo-trans.png?fit=600%2C600&ssl=1\",\"contentUrl\":\"https:\\\/\\\/i0.wp.com\\\/giabaold.molecularcodedev.com\\\/fr\\\/files\\\/2016\\\/03\\\/giaba-logo-trans.png?fit=600%2C600&ssl=1\",\"width\":600,\"height\":600,\"caption\":\"Restaurant Gia Ba\"},\"image\":{\"@id\":\"https:\\\/\\\/giabaold.molecularcodedev.com\\\/fr\\\/#\\\/schema\\\/logo\\\/image\\\/\"}}]}<\/script>\n<!-- \/ Yoast SEO plugin. -->","yoast_head_json":{"title":"Panier \/ Cart - Restaurant Gia Ba","robots":{"index":"index","follow":"follow","max-snippet":"max-snippet:-1","max-image-preview":"max-image-preview:large","max-video-preview":"max-video-preview:-1"},"canonical":"https:\/\/giabaold.molecularcodedev.com\/fr\/panier\/","og_locale":"fr_CA","og_type":"article","og_title":"Panier \/ Cart - Restaurant Gia Ba","og_url":"https:\/\/giabaold.molecularcodedev.com\/fr\/panier\/","og_site_name":"Restaurant Gia Ba","article_modified_time":"2020-09-16T03:11:41+00:00","twitter_card":"summary_large_image","schema":{"@context":"https:\/\/schema.org","@graph":[{"@type":"WebPage","@id":"https:\/\/giabaold.molecularcodedev.com\/fr\/panier\/","url":"https:\/\/giabaold.molecularcodedev.com\/fr\/panier\/","name":"Panier \/ Cart - Restaurant Gia Ba","isPartOf":{"@id":"https:\/\/giabaold.molecularcodedev.com\/fr\/#website"},"datePublished":"2020-05-24T20:42:17+00:00","dateModified":"2020-09-16T03:11:41+00:00","breadcrumb":{"@id":"https:\/\/giabaold.molecularcodedev.com\/fr\/panier\/#breadcrumb"},"inLanguage":"fr-CA","potentialAction":[{"@type":"ReadAction","target":["https:\/\/giabaold.molecularcodedev.com\/fr\/panier\/"]}]},{"@type":"BreadcrumbList","@id":"https:\/\/giabaold.molecularcodedev.com\/fr\/panier\/#breadcrumb","itemListElement":[{"@type":"ListItem","position":1,"name":"Accueil","item":"https:\/\/giabaold.molecularcodedev.com\/fr\/"},{"@type":"ListItem","position":2,"name":"Panier \/ Cart"}]},{"@type":"WebSite","@id":"https:\/\/giabaold.molecularcodedev.com\/fr\/#website","url":"https:\/\/giabaold.molecularcodedev.com\/fr\/","name":"Restaurant Gia Ba","description":"Le restaurant chinois sichuanais et ta\u00efwanais \u00e0 Montr\u00e9al","publisher":{"@id":"https:\/\/giabaold.molecularcodedev.com\/fr\/#organization"},"potentialAction":[{"@type":"SearchAction","target":{"@type":"EntryPoint","urlTemplate":"https:\/\/giabaold.molecularcodedev.com\/fr\/?s={search_term_string}"},"query-input":{"@type":"PropertyValueSpecification","valueRequired":true,"valueName":"search_term_string"}}],"inLanguage":"fr-CA"},{"@type":"Organization","@id":"https:\/\/giabaold.molecularcodedev.com\/fr\/#organization","name":"Restaurant Gia Ba","url":"https:\/\/giabaold.molecularcodedev.com\/fr\/","logo":{"@type":"ImageObject","inLanguage":"fr-CA","@id":"https:\/\/giabaold.molecularcodedev.com\/fr\/#\/schema\/logo\/image\/","url":"https:\/\/i0.wp.com\/giabaold.molecularcodedev.com\/fr\/files\/2016\/03\/giaba-logo-trans.png?fit=600%2C600&ssl=1","contentUrl":"https:\/\/i0.wp.com\/giabaold.molecularcodedev.com\/fr\/files\/2016\/03\/giaba-logo-trans.png?fit=600%2C600&ssl=1","width":600,"height":600,"caption":"Restaurant Gia Ba"},"image":{"@id":"https:\/\/giabaold.molecularcodedev.com\/fr\/#\/schema\/logo\/image\/"}}]}},"jetpack_sharing_enabled":true,"jetpack_shortlink":"https:\/\/wp.me\/P7keoM-3m","_links":{"self":[{"href":"https:\/\/giabaold.molecularcodedev.com\/fr\/wp-json\/wp\/v2\/pages\/208","targetHints":{"allow":["GET"]}}],"collection":[{"href":"https:\/\/giabaold.molecularcodedev.com\/fr\/wp-json\/wp\/v2\/pages"}],"about":[{"href":"https:\/\/giabaold.molecularcodedev.com\/fr\/wp-json\/wp\/v2\/types\/page"}],"author":[{"embeddable":true,"href":"https:\/\/giabaold.molecularcodedev.com\/fr\/wp-json\/wp\/v2\/users\/1"}],"replies":[{"embeddable":true,"href":"https:\/\/giabaold.molecularcodedev.com\/fr\/wp-json\/wp\/v2\/comments?post=208"}],"version-history":[{"count":2,"href":"https:\/\/giabaold.molecularcodedev.com\/fr\/wp-json\/wp\/v2\/pages\/208\/revisions"}],"predecessor-version":[{"id":309,"href":"https:\/\/giabaold.molecularcodedev.com\/fr\/wp-json\/wp\/v2\/pages\/208\/revisions\/309"}],"wp:attachment":[{"href":"https:\/\/giabaold.molecularcodedev.com\/fr\/wp-json\/wp\/v2\/media?parent=208"}],"curies":[{"name":"wp","href":"https:\/\/api.w.org\/{rel}","templated":true}]}}