{"id":215,"date":"2020-05-24T16:44:05","date_gmt":"2020-05-24T20:44:05","guid":{"rendered":"https:\/\/giabaold.molecularcodedev.com\/fr\/?page_id=215"},"modified":"2022-08-24T11:02:44","modified_gmt":"2022-08-24T15:02:44","slug":"commander-en-ligne","status":"publish","type":"page","link":"https:\/\/giabaold.molecularcodedev.com\/fr\/commander-en-ligne\/","title":{"rendered":"Commander en ligne \/ Order Online"},"content":{"rendered":"\n<h2 class=\"wp-block-heading\">Sp\u00e9ciales saisonni\u00e8res \/ Seasonal Specials<\/h2>\n\n\n<p>[product_table category=\u00a0\u00bb63&Prime; cf=\u00a0\u00bb_stock_status:instock\u00a0\u00bb column_breakpoints=\u00a0\u00bball,all,not-mobile, not-mobile\u00a0\u00bb responsive_display=\u00a0\u00bbchild_row_visible\u00a0\u00bb]<\/p>\n\n\n\n<h2 class=\"wp-block-heading\">Entr\u00e9es \/ Appetizers<\/h2>\n\n\n<p>[product_table category=\u00a0\u00bb17&Prime; cf=\u00a0\u00bb_stock_status:instock\u00a0\u00bb column_breakpoints=\u00a0\u00bball,all,not-mobile, not-mobile\u00a0\u00bb responsive_display=\u00a0\u00bbchild_row_visible\u00a0\u00bb]<\/p>\n\n\n\n<h2 class=\"wp-block-heading\">Poulet \/ Chicken<\/h2>\n\n\n<p>[product_table category=\u00a0\u00bb18&Prime; cf=\u00a0\u00bb_stock_status:instock\u00a0\u00bb column_breakpoints=\u00a0\u00bball,all,not-mobile, not-mobile\u00a0\u00bb responsive_display=\u00a0\u00bbchild_row_visible\u00a0\u00bb]<\/p>\n\n\n\n<h2 class=\"wp-block-heading\"><strong>B<\/strong>oeuf \/ Beef<\/h2>\n\n\n<p>[product_table category=\u00a0\u00bb19&Prime; cf=\u00a0\u00bb_stock_status:instock\u00a0\u00bb column_breakpoints=\u00a0\u00bball,all,not-mobile, not-mobile\u00a0\u00bb responsive_display=\u00a0\u00bbchild_row_visible\u00a0\u00bb]<\/p>\n\n\n\n<h2 class=\"wp-block-heading\">Porc \/ Pork<\/h2>\n\n\n<p>[product_table category=\u00a0\u00bb20&Prime; cf=\u00a0\u00bb_stock_status:instock\u00a0\u00bb column_breakpoints=\u00a0\u00bball,all,not-mobile, not-mobile\u00a0\u00bb responsive_display=\u00a0\u00bbchild_row_visible\u00a0\u00bb]<\/p>\n\n\n\n<h2 class=\"wp-block-heading\">Fruits de mer \/ Seafood<\/h2>\n\n\n<p>[product_table category=\u00a0\u00bb21&Prime; cf=\u00a0\u00bb_stock_status:instock\u00a0\u00bb column_breakpoints=\u00a0\u00bball,all,not-mobile, not-mobile\u00a0\u00bb responsive_display=\u00a0\u00bbchild_row_visible\u00a0\u00bb]<\/p>\n\n\n\n<h2 class=\"wp-block-heading\">Poisson et boeuf de style szechuan \/ Szechuan Style Fish &amp; Beef<\/h2>\n\n\n<p>[product_table category=\u00a0\u00bb22&Prime; cf=\u00a0\u00bb_stock_status:instock\u00a0\u00bb column_breakpoints=\u00a0\u00bball,all,not-mobile, not-mobile\u00a0\u00bb responsive_display=\u00a0\u00bbchild_row_visible\u00a0\u00bb]<\/p>\n\n\n\n<h2 class=\"wp-block-heading\">L\u00e9gumes \/ Vegetable<\/h2>\n\n\n<p>[product_table category=\u00a0\u00bb23&Prime; cf=\u00a0\u00bb_stock_status:instock\u00a0\u00bb column_breakpoints=\u00a0\u00bball,all,not-mobile, not-mobile\u00a0\u00bb responsive_display=\u00a0\u00bbchild_row_visible\u00a0\u00bb]<\/p>\n\n\n\n<h2 class=\"wp-block-heading\">Autres \/ Others<\/h2>\n\n\n<p>[product_table category=\u00a0\u00bb24&Prime; cf=\u00a0\u00bb_stock_status:instock\u00a0\u00bb column_breakpoints=\u00a0\u00bball,all,not-mobile, not-mobile\u00a0\u00bb responsive_display=\u00a0\u00bbchild_row_visible\u00a0\u00bb]<\/p>\n\n\n\n<h2 class=\"wp-block-heading\">Drinks<\/h2>\n\n\n<p>[product_table category=\u00a0\u00bb68&Prime; cf=\u00a0\u00bb_stock_status:instock\u00a0\u00bb column_breakpoints=\u00a0\u00bball,all,not-mobile, not-mobile\u00a0\u00bb responsive_display=\u00a0\u00bbchild_row_visible\u00a0\u00bb]<\/p>\n","protected":false},"excerpt":{"rendered":"<p>Sp\u00e9ciales saisonni\u00e8res \/ Seasonal Specials Entr\u00e9es \/ Appetizers Poulet \/ Chicken Boeuf \/ Beef Porc \/ Pork Fruits de mer \/ Seafood Poisson et boeuf de style&hellip; <span class=\"read-more\"><a class=\"more-link\" href=\"https:\/\/giabaold.molecularcodedev.com\/fr\/commander-en-ligne\/\" rel=\"bookmark\">Read more <span class=\"screen-reader-text\">\u00ab\u00a0Commander en ligne \/ Order Online\u00a0\u00bb<\/span><\/a><\/span><\/p>\n","protected":false},"author":1,"featured_media":0,"parent":0,"menu_order":0,"comment_status":"closed","ping_status":"closed","template":"","meta":{"footnotes":""},"class_list":["post-215","page","type-page","status-publish","hentry"],"yoast_head":"<!-- This site is optimized with the Yoast SEO plugin v27.3 - https:\/\/yoast.com\/product\/yoast-seo-wordpress\/ -->\n<title>Commander en ligne \/ Order Online - Restaurant Gia Ba<\/title>\n<meta name=\"description\" content=\"Commandez en ligne pour une prise en charge en personne ou une livraison gratuite (dans un rayon de 5 km) pour les commandes de 30 $ et plus avant taxes.\" \/>\n<meta name=\"robots\" content=\"index, follow, max-snippet:-1, max-image-preview:large, max-video-preview:-1\" \/>\n<link rel=\"canonical\" href=\"https:\/\/giabaold.molecularcodedev.com\/fr\/commander-en-ligne\/\" \/>\n<meta property=\"og:locale\" content=\"fr_CA\" \/>\n<meta property=\"og:type\" content=\"article\" \/>\n<meta property=\"og:title\" content=\"Commander en ligne \/ Order Online - Restaurant Gia Ba\" \/>\n<meta property=\"og:description\" content=\"Commandez en ligne pour une prise en charge en personne ou une livraison gratuite (dans un rayon de 5 km) pour les commandes de 30 $ et plus avant taxes.\" \/>\n<meta property=\"og:url\" content=\"https:\/\/giabaold.molecularcodedev.com\/fr\/commander-en-ligne\/\" \/>\n<meta property=\"og:site_name\" content=\"Restaurant Gia Ba\" \/>\n<meta property=\"article:modified_time\" content=\"2022-08-24T15:02:44+00:00\" \/>\n<meta name=\"twitter:card\" content=\"summary_large_image\" \/>\n<meta name=\"twitter:label1\" content=\"Estimation du temps de lecture\" \/>\n\t<meta name=\"twitter:data1\" content=\"1 minute\" \/>\n<script type=\"application\/ld+json\" class=\"yoast-schema-graph\">{\"@context\":\"https:\\\/\\\/schema.org\",\"@graph\":[{\"@type\":\"WebPage\",\"@id\":\"https:\\\/\\\/giabaold.molecularcodedev.com\\\/fr\\\/commander-en-ligne\\\/\",\"url\":\"https:\\\/\\\/giabaold.molecularcodedev.com\\\/fr\\\/commander-en-ligne\\\/\",\"name\":\"Commander en ligne \\\/ Order Online - Restaurant Gia Ba\",\"isPartOf\":{\"@id\":\"https:\\\/\\\/giabaold.molecularcodedev.com\\\/fr\\\/#website\"},\"datePublished\":\"2020-05-24T20:44:05+00:00\",\"dateModified\":\"2022-08-24T15:02:44+00:00\",\"description\":\"Commandez en ligne pour une prise en charge en personne ou une livraison gratuite (dans un rayon de 5 km) pour les commandes de 30 $ et plus avant taxes.\",\"breadcrumb\":{\"@id\":\"https:\\\/\\\/giabaold.molecularcodedev.com\\\/fr\\\/commander-en-ligne\\\/#breadcrumb\"},\"inLanguage\":\"fr-CA\",\"potentialAction\":[{\"@type\":\"ReadAction\",\"target\":[\"https:\\\/\\\/giabaold.molecularcodedev.com\\\/fr\\\/commander-en-ligne\\\/\"]}]},{\"@type\":\"BreadcrumbList\",\"@id\":\"https:\\\/\\\/giabaold.molecularcodedev.com\\\/fr\\\/commander-en-ligne\\\/#breadcrumb\",\"itemListElement\":[{\"@type\":\"ListItem\",\"position\":1,\"name\":\"Accueil\",\"item\":\"https:\\\/\\\/giabaold.molecularcodedev.com\\\/fr\\\/\"},{\"@type\":\"ListItem\",\"position\":2,\"name\":\"Commander en ligne \\\/ Order Online\"}]},{\"@type\":\"WebSite\",\"@id\":\"https:\\\/\\\/giabaold.molecularcodedev.com\\\/fr\\\/#website\",\"url\":\"https:\\\/\\\/giabaold.molecularcodedev.com\\\/fr\\\/\",\"name\":\"Restaurant Gia Ba\",\"description\":\"Le restaurant chinois sichuanais et ta\u00efwanais \u00e0 Montr\u00e9al\",\"publisher\":{\"@id\":\"https:\\\/\\\/giabaold.molecularcodedev.com\\\/fr\\\/#organization\"},\"potentialAction\":[{\"@type\":\"SearchAction\",\"target\":{\"@type\":\"EntryPoint\",\"urlTemplate\":\"https:\\\/\\\/giabaold.molecularcodedev.com\\\/fr\\\/?s={search_term_string}\"},\"query-input\":{\"@type\":\"PropertyValueSpecification\",\"valueRequired\":true,\"valueName\":\"search_term_string\"}}],\"inLanguage\":\"fr-CA\"},{\"@type\":\"Organization\",\"@id\":\"https:\\\/\\\/giabaold.molecularcodedev.com\\\/fr\\\/#organization\",\"name\":\"Restaurant Gia Ba\",\"url\":\"https:\\\/\\\/giabaold.molecularcodedev.com\\\/fr\\\/\",\"logo\":{\"@type\":\"ImageObject\",\"inLanguage\":\"fr-CA\",\"@id\":\"https:\\\/\\\/giabaold.molecularcodedev.com\\\/fr\\\/#\\\/schema\\\/logo\\\/image\\\/\",\"url\":\"https:\\\/\\\/i0.wp.com\\\/giabaold.molecularcodedev.com\\\/fr\\\/files\\\/2016\\\/03\\\/giaba-logo-trans.png?fit=600%2C600&ssl=1\",\"contentUrl\":\"https:\\\/\\\/i0.wp.com\\\/giabaold.molecularcodedev.com\\\/fr\\\/files\\\/2016\\\/03\\\/giaba-logo-trans.png?fit=600%2C600&ssl=1\",\"width\":600,\"height\":600,\"caption\":\"Restaurant Gia Ba\"},\"image\":{\"@id\":\"https:\\\/\\\/giabaold.molecularcodedev.com\\\/fr\\\/#\\\/schema\\\/logo\\\/image\\\/\"}}]}<\/script>\n<!-- \/ Yoast SEO plugin. -->","yoast_head_json":{"title":"Commander en ligne \/ Order Online - Restaurant Gia Ba","description":"Commandez en ligne pour une prise en charge en personne ou une livraison gratuite (dans un rayon de 5 km) pour les commandes de 30 $ et plus avant taxes.","robots":{"index":"index","follow":"follow","max-snippet":"max-snippet:-1","max-image-preview":"max-image-preview:large","max-video-preview":"max-video-preview:-1"},"canonical":"https:\/\/giabaold.molecularcodedev.com\/fr\/commander-en-ligne\/","og_locale":"fr_CA","og_type":"article","og_title":"Commander en ligne \/ Order Online - Restaurant Gia Ba","og_description":"Commandez en ligne pour une prise en charge en personne ou une livraison gratuite (dans un rayon de 5 km) pour les commandes de 30 $ et plus avant taxes.","og_url":"https:\/\/giabaold.molecularcodedev.com\/fr\/commander-en-ligne\/","og_site_name":"Restaurant Gia Ba","article_modified_time":"2022-08-24T15:02:44+00:00","twitter_card":"summary_large_image","twitter_misc":{"Estimation du temps de lecture":"1 minute"},"schema":{"@context":"https:\/\/schema.org","@graph":[{"@type":"WebPage","@id":"https:\/\/giabaold.molecularcodedev.com\/fr\/commander-en-ligne\/","url":"https:\/\/giabaold.molecularcodedev.com\/fr\/commander-en-ligne\/","name":"Commander en ligne \/ Order Online - Restaurant Gia Ba","isPartOf":{"@id":"https:\/\/giabaold.molecularcodedev.com\/fr\/#website"},"datePublished":"2020-05-24T20:44:05+00:00","dateModified":"2022-08-24T15:02:44+00:00","description":"Commandez en ligne pour une prise en charge en personne ou une livraison gratuite (dans un rayon de 5 km) pour les commandes de 30 $ et plus avant taxes.","breadcrumb":{"@id":"https:\/\/giabaold.molecularcodedev.com\/fr\/commander-en-ligne\/#breadcrumb"},"inLanguage":"fr-CA","potentialAction":[{"@type":"ReadAction","target":["https:\/\/giabaold.molecularcodedev.com\/fr\/commander-en-ligne\/"]}]},{"@type":"BreadcrumbList","@id":"https:\/\/giabaold.molecularcodedev.com\/fr\/commander-en-ligne\/#breadcrumb","itemListElement":[{"@type":"ListItem","position":1,"name":"Accueil","item":"https:\/\/giabaold.molecularcodedev.com\/fr\/"},{"@type":"ListItem","position":2,"name":"Commander en ligne \/ Order Online"}]},{"@type":"WebSite","@id":"https:\/\/giabaold.molecularcodedev.com\/fr\/#website","url":"https:\/\/giabaold.molecularcodedev.com\/fr\/","name":"Restaurant Gia Ba","description":"Le restaurant chinois sichuanais et ta\u00efwanais \u00e0 Montr\u00e9al","publisher":{"@id":"https:\/\/giabaold.molecularcodedev.com\/fr\/#organization"},"potentialAction":[{"@type":"SearchAction","target":{"@type":"EntryPoint","urlTemplate":"https:\/\/giabaold.molecularcodedev.com\/fr\/?s={search_term_string}"},"query-input":{"@type":"PropertyValueSpecification","valueRequired":true,"valueName":"search_term_string"}}],"inLanguage":"fr-CA"},{"@type":"Organization","@id":"https:\/\/giabaold.molecularcodedev.com\/fr\/#organization","name":"Restaurant Gia Ba","url":"https:\/\/giabaold.molecularcodedev.com\/fr\/","logo":{"@type":"ImageObject","inLanguage":"fr-CA","@id":"https:\/\/giabaold.molecularcodedev.com\/fr\/#\/schema\/logo\/image\/","url":"https:\/\/i0.wp.com\/giabaold.molecularcodedev.com\/fr\/files\/2016\/03\/giaba-logo-trans.png?fit=600%2C600&ssl=1","contentUrl":"https:\/\/i0.wp.com\/giabaold.molecularcodedev.com\/fr\/files\/2016\/03\/giaba-logo-trans.png?fit=600%2C600&ssl=1","width":600,"height":600,"caption":"Restaurant Gia Ba"},"image":{"@id":"https:\/\/giabaold.molecularcodedev.com\/fr\/#\/schema\/logo\/image\/"}}]}},"jetpack_sharing_enabled":true,"jetpack_shortlink":"https:\/\/wp.me\/P7keoM-3t","_links":{"self":[{"href":"https:\/\/giabaold.molecularcodedev.com\/fr\/wp-json\/wp\/v2\/pages\/215","targetHints":{"allow":["GET"]}}],"collection":[{"href":"https:\/\/giabaold.molecularcodedev.com\/fr\/wp-json\/wp\/v2\/pages"}],"about":[{"href":"https:\/\/giabaold.molecularcodedev.com\/fr\/wp-json\/wp\/v2\/types\/page"}],"author":[{"embeddable":true,"href":"https:\/\/giabaold.molecularcodedev.com\/fr\/wp-json\/wp\/v2\/users\/1"}],"replies":[{"embeddable":true,"href":"https:\/\/giabaold.molecularcodedev.com\/fr\/wp-json\/wp\/v2\/comments?post=215"}],"version-history":[{"count":19,"href":"https:\/\/giabaold.molecularcodedev.com\/fr\/wp-json\/wp\/v2\/pages\/215\/revisions"}],"predecessor-version":[{"id":6843,"href":"https:\/\/giabaold.molecularcodedev.com\/fr\/wp-json\/wp\/v2\/pages\/215\/revisions\/6843"}],"wp:attachment":[{"href":"https:\/\/giabaold.molecularcodedev.com\/fr\/wp-json\/wp\/v2\/media?parent=215"}],"curies":[{"name":"wp","href":"https:\/\/api.w.org\/{rel}","templated":true}]}}