{"id":5,"date":"2016-03-11T04:23:28","date_gmt":"2016-03-11T04:23:28","guid":{"rendered":"https:\/\/giabaold.molecularcodedev.com\/fr\/?page_id=5"},"modified":"2016-03-21T09:39:32","modified_gmt":"2016-03-21T13:39:32","slug":"accueil","status":"publish","type":"page","link":"https:\/\/giabaold.molecularcodedev.com\/fr\/","title":{"rendered":"Accueil"},"content":{"rendered":"","protected":false},"excerpt":{"rendered":"","protected":false},"author":1,"featured_media":6,"parent":0,"menu_order":0,"comment_status":"closed","ping_status":"closed","template":"","meta":{"footnotes":""},"class_list":["post-5","page","type-page","status-publish","has-post-thumbnail","hentry"],"yoast_head":"<!-- This site is optimized with the Yoast SEO plugin v27.3 - https:\/\/yoast.com\/product\/yoast-seo-wordpress\/ -->\n<title>Accueil - Restaurant Gia Ba<\/title>\n<meta name=\"description\" content=\"D\u00e9couvrez une d\u00e9licieuse fusion des cuisines chinois sichuanaise et ta\u00efwanaise au restaurant Gia Ba de Montr\u00e9al, NDG Village Monkland.\" \/>\n<meta name=\"robots\" content=\"index, follow, max-snippet:-1, max-image-preview:large, max-video-preview:-1\" \/>\n<link rel=\"canonical\" href=\"https:\/\/giabaold.molecularcodedev.com\/fr\/\" \/>\n<meta property=\"og:locale\" content=\"fr_CA\" \/>\n<meta property=\"og:type\" content=\"article\" \/>\n<meta property=\"og:title\" content=\"Accueil - Restaurant Gia Ba\" \/>\n<meta property=\"og:description\" content=\"D\u00e9couvrez une d\u00e9licieuse fusion des cuisines chinois sichuanaise et ta\u00efwanaise au restaurant Gia Ba de Montr\u00e9al, NDG Village Monkland.\" \/>\n<meta property=\"og:url\" content=\"https:\/\/giabaold.molecularcodedev.com\/fr\/\" \/>\n<meta property=\"og:site_name\" content=\"Restaurant Gia Ba\" \/>\n<meta property=\"article:modified_time\" content=\"2016-03-21T13:39:32+00:00\" \/>\n<meta property=\"og:image\" content=\"https:\/\/i2.wp.com\/giabaold.molecularcodedev.com\/fr\/files\/2016\/03\/panel1.jpg?fit=1400%2C900&ssl=1\" \/>\n\t<meta property=\"og:image:width\" content=\"1400\" \/>\n\t<meta property=\"og:image:height\" content=\"900\" \/>\n\t<meta property=\"og:image:type\" content=\"image\/jpeg\" \/>\n<meta name=\"twitter:card\" content=\"summary_large_image\" \/>\n<script type=\"application\/ld+json\" class=\"yoast-schema-graph\">{\"@context\":\"https:\\\/\\\/schema.org\",\"@graph\":[{\"@type\":\"WebPage\",\"@id\":\"https:\\\/\\\/giabaold.molecularcodedev.com\\\/fr\\\/\",\"url\":\"https:\\\/\\\/giabaold.molecularcodedev.com\\\/fr\\\/\",\"name\":\"Accueil - Restaurant Gia Ba\",\"isPartOf\":{\"@id\":\"https:\\\/\\\/giabaold.molecularcodedev.com\\\/fr\\\/#website\"},\"primaryImageOfPage\":{\"@id\":\"https:\\\/\\\/giabaold.molecularcodedev.com\\\/fr\\\/#primaryimage\"},\"image\":{\"@id\":\"https:\\\/\\\/giabaold.molecularcodedev.com\\\/fr\\\/#primaryimage\"},\"thumbnailUrl\":\"https:\\\/\\\/i0.wp.com\\\/giabaold.molecularcodedev.com\\\/fr\\\/files\\\/2016\\\/03\\\/panel1.jpg?fit=1400%2C900&ssl=1\",\"datePublished\":\"2016-03-11T04:23:28+00:00\",\"dateModified\":\"2016-03-21T13:39:32+00:00\",\"description\":\"D\u00e9couvrez une d\u00e9licieuse fusion des cuisines chinois sichuanaise et ta\u00efwanaise au restaurant Gia Ba de Montr\u00e9al, NDG Village Monkland.\",\"breadcrumb\":{\"@id\":\"https:\\\/\\\/giabaold.molecularcodedev.com\\\/fr\\\/#breadcrumb\"},\"inLanguage\":\"fr-CA\",\"potentialAction\":[{\"@type\":\"ReadAction\",\"target\":[\"https:\\\/\\\/giabaold.molecularcodedev.com\\\/fr\\\/\"]}]},{\"@type\":\"ImageObject\",\"inLanguage\":\"fr-CA\",\"@id\":\"https:\\\/\\\/giabaold.molecularcodedev.com\\\/fr\\\/#primaryimage\",\"url\":\"https:\\\/\\\/i0.wp.com\\\/giabaold.molecularcodedev.com\\\/fr\\\/files\\\/2016\\\/03\\\/panel1.jpg?fit=1400%2C900&ssl=1\",\"contentUrl\":\"https:\\\/\\\/i0.wp.com\\\/giabaold.molecularcodedev.com\\\/fr\\\/files\\\/2016\\\/03\\\/panel1.jpg?fit=1400%2C900&ssl=1\",\"width\":1400,\"height\":900,\"caption\":\"Restaurant Gia Ba\"},{\"@type\":\"BreadcrumbList\",\"@id\":\"https:\\\/\\\/giabaold.molecularcodedev.com\\\/fr\\\/#breadcrumb\",\"itemListElement\":[{\"@type\":\"ListItem\",\"position\":1,\"name\":\"Accueil\",\"item\":\"https:\\\/\\\/giabaold.molecularcodedev.com\\\/fr\\\/\"},{\"@type\":\"ListItem\",\"position\":2,\"name\":\"Accueil\"}]},{\"@type\":\"WebSite\",\"@id\":\"https:\\\/\\\/giabaold.molecularcodedev.com\\\/fr\\\/#website\",\"url\":\"https:\\\/\\\/giabaold.molecularcodedev.com\\\/fr\\\/\",\"name\":\"Restaurant Gia Ba\",\"description\":\"Le restaurant chinois sichuanais et ta\u00efwanais \u00e0 Montr\u00e9al\",\"publisher\":{\"@id\":\"https:\\\/\\\/giabaold.molecularcodedev.com\\\/fr\\\/#organization\"},\"potentialAction\":[{\"@type\":\"SearchAction\",\"target\":{\"@type\":\"EntryPoint\",\"urlTemplate\":\"https:\\\/\\\/giabaold.molecularcodedev.com\\\/fr\\\/?s={search_term_string}\"},\"query-input\":{\"@type\":\"PropertyValueSpecification\",\"valueRequired\":true,\"valueName\":\"search_term_string\"}}],\"inLanguage\":\"fr-CA\"},{\"@type\":\"Organization\",\"@id\":\"https:\\\/\\\/giabaold.molecularcodedev.com\\\/fr\\\/#organization\",\"name\":\"Restaurant Gia Ba\",\"url\":\"https:\\\/\\\/giabaold.molecularcodedev.com\\\/fr\\\/\",\"logo\":{\"@type\":\"ImageObject\",\"inLanguage\":\"fr-CA\",\"@id\":\"https:\\\/\\\/giabaold.molecularcodedev.com\\\/fr\\\/#\\\/schema\\\/logo\\\/image\\\/\",\"url\":\"https:\\\/\\\/i0.wp.com\\\/giabaold.molecularcodedev.com\\\/fr\\\/files\\\/2016\\\/03\\\/giaba-logo-trans.png?fit=600%2C600&ssl=1\",\"contentUrl\":\"https:\\\/\\\/i0.wp.com\\\/giabaold.molecularcodedev.com\\\/fr\\\/files\\\/2016\\\/03\\\/giaba-logo-trans.png?fit=600%2C600&ssl=1\",\"width\":600,\"height\":600,\"caption\":\"Restaurant Gia Ba\"},\"image\":{\"@id\":\"https:\\\/\\\/giabaold.molecularcodedev.com\\\/fr\\\/#\\\/schema\\\/logo\\\/image\\\/\"}}]}<\/script>\n<!-- \/ Yoast SEO plugin. -->","yoast_head_json":{"title":"Accueil - Restaurant Gia Ba","description":"D\u00e9couvrez une d\u00e9licieuse fusion des cuisines chinois sichuanaise et ta\u00efwanaise au restaurant Gia Ba de Montr\u00e9al, NDG Village Monkland.","robots":{"index":"index","follow":"follow","max-snippet":"max-snippet:-1","max-image-preview":"max-image-preview:large","max-video-preview":"max-video-preview:-1"},"canonical":"https:\/\/giabaold.molecularcodedev.com\/fr\/","og_locale":"fr_CA","og_type":"article","og_title":"Accueil - Restaurant Gia Ba","og_description":"D\u00e9couvrez une d\u00e9licieuse fusion des cuisines chinois sichuanaise et ta\u00efwanaise au restaurant Gia Ba de Montr\u00e9al, NDG Village Monkland.","og_url":"https:\/\/giabaold.molecularcodedev.com\/fr\/","og_site_name":"Restaurant Gia Ba","article_modified_time":"2016-03-21T13:39:32+00:00","og_image":[{"width":1400,"height":900,"url":"https:\/\/i2.wp.com\/giabaold.molecularcodedev.com\/fr\/files\/2016\/03\/panel1.jpg?fit=1400%2C900&ssl=1","type":"image\/jpeg"}],"twitter_card":"summary_large_image","schema":{"@context":"https:\/\/schema.org","@graph":[{"@type":"WebPage","@id":"https:\/\/giabaold.molecularcodedev.com\/fr\/","url":"https:\/\/giabaold.molecularcodedev.com\/fr\/","name":"Accueil - Restaurant Gia Ba","isPartOf":{"@id":"https:\/\/giabaold.molecularcodedev.com\/fr\/#website"},"primaryImageOfPage":{"@id":"https:\/\/giabaold.molecularcodedev.com\/fr\/#primaryimage"},"image":{"@id":"https:\/\/giabaold.molecularcodedev.com\/fr\/#primaryimage"},"thumbnailUrl":"https:\/\/i0.wp.com\/giabaold.molecularcodedev.com\/fr\/files\/2016\/03\/panel1.jpg?fit=1400%2C900&ssl=1","datePublished":"2016-03-11T04:23:28+00:00","dateModified":"2016-03-21T13:39:32+00:00","description":"D\u00e9couvrez une d\u00e9licieuse fusion des cuisines chinois sichuanaise et ta\u00efwanaise au restaurant Gia Ba de Montr\u00e9al, NDG Village Monkland.","breadcrumb":{"@id":"https:\/\/giabaold.molecularcodedev.com\/fr\/#breadcrumb"},"inLanguage":"fr-CA","potentialAction":[{"@type":"ReadAction","target":["https:\/\/giabaold.molecularcodedev.com\/fr\/"]}]},{"@type":"ImageObject","inLanguage":"fr-CA","@id":"https:\/\/giabaold.molecularcodedev.com\/fr\/#primaryimage","url":"https:\/\/i0.wp.com\/giabaold.molecularcodedev.com\/fr\/files\/2016\/03\/panel1.jpg?fit=1400%2C900&ssl=1","contentUrl":"https:\/\/i0.wp.com\/giabaold.molecularcodedev.com\/fr\/files\/2016\/03\/panel1.jpg?fit=1400%2C900&ssl=1","width":1400,"height":900,"caption":"Restaurant Gia Ba"},{"@type":"BreadcrumbList","@id":"https:\/\/giabaold.molecularcodedev.com\/fr\/#breadcrumb","itemListElement":[{"@type":"ListItem","position":1,"name":"Accueil","item":"https:\/\/giabaold.molecularcodedev.com\/fr\/"},{"@type":"ListItem","position":2,"name":"Accueil"}]},{"@type":"WebSite","@id":"https:\/\/giabaold.molecularcodedev.com\/fr\/#website","url":"https:\/\/giabaold.molecularcodedev.com\/fr\/","name":"Restaurant Gia Ba","description":"Le restaurant chinois sichuanais et ta\u00efwanais \u00e0 Montr\u00e9al","publisher":{"@id":"https:\/\/giabaold.molecularcodedev.com\/fr\/#organization"},"potentialAction":[{"@type":"SearchAction","target":{"@type":"EntryPoint","urlTemplate":"https:\/\/giabaold.molecularcodedev.com\/fr\/?s={search_term_string}"},"query-input":{"@type":"PropertyValueSpecification","valueRequired":true,"valueName":"search_term_string"}}],"inLanguage":"fr-CA"},{"@type":"Organization","@id":"https:\/\/giabaold.molecularcodedev.com\/fr\/#organization","name":"Restaurant Gia Ba","url":"https:\/\/giabaold.molecularcodedev.com\/fr\/","logo":{"@type":"ImageObject","inLanguage":"fr-CA","@id":"https:\/\/giabaold.molecularcodedev.com\/fr\/#\/schema\/logo\/image\/","url":"https:\/\/i0.wp.com\/giabaold.molecularcodedev.com\/fr\/files\/2016\/03\/giaba-logo-trans.png?fit=600%2C600&ssl=1","contentUrl":"https:\/\/i0.wp.com\/giabaold.molecularcodedev.com\/fr\/files\/2016\/03\/giaba-logo-trans.png?fit=600%2C600&ssl=1","width":600,"height":600,"caption":"Restaurant Gia Ba"},"image":{"@id":"https:\/\/giabaold.molecularcodedev.com\/fr\/#\/schema\/logo\/image\/"}}]}},"jetpack_sharing_enabled":true,"jetpack_shortlink":"https:\/\/wp.me\/P7keoM-5","_links":{"self":[{"href":"https:\/\/giabaold.molecularcodedev.com\/fr\/wp-json\/wp\/v2\/pages\/5","targetHints":{"allow":["GET"]}}],"collection":[{"href":"https:\/\/giabaold.molecularcodedev.com\/fr\/wp-json\/wp\/v2\/pages"}],"about":[{"href":"https:\/\/giabaold.molecularcodedev.com\/fr\/wp-json\/wp\/v2\/types\/page"}],"author":[{"embeddable":true,"href":"https:\/\/giabaold.molecularcodedev.com\/fr\/wp-json\/wp\/v2\/users\/1"}],"replies":[{"embeddable":true,"href":"https:\/\/giabaold.molecularcodedev.com\/fr\/wp-json\/wp\/v2\/comments?post=5"}],"version-history":[{"count":1,"href":"https:\/\/giabaold.molecularcodedev.com\/fr\/wp-json\/wp\/v2\/pages\/5\/revisions"}],"predecessor-version":[{"id":7,"href":"https:\/\/giabaold.molecularcodedev.com\/fr\/wp-json\/wp\/v2\/pages\/5\/revisions\/7"}],"wp:featuredmedia":[{"embeddable":true,"href":"https:\/\/giabaold.molecularcodedev.com\/fr\/wp-json\/wp\/v2\/media\/6"}],"wp:attachment":[{"href":"https:\/\/giabaold.molecularcodedev.com\/fr\/wp-json\/wp\/v2\/media?parent=5"}],"curies":[{"name":"wp","href":"https:\/\/api.w.org\/{rel}","templated":true}]}}